{"id":6,"date":"2016-10-04T01:32:29","date_gmt":"2016-10-04T01:32:29","guid":{"rendered":"http:\/\/www.maquinasrefrigeradas.cl\/?page_id=6"},"modified":"2017-01-24T13:02:26","modified_gmt":"2017-01-24T13:02:26","slug":"quienes-somos","status":"publish","type":"page","link":"https:\/\/www.maquinasrefrigeradas.cl\/index.php\/quienes-somos\/","title":{"rendered":"Quienes Somos"},"content":{"rendered":"<p>Es en 1992 que nace GAQDIM, empresa que se dedica a la fabricaci\u00f3n y distribuci\u00f3n de maquinarias para la industria alimenticia, inicialmente en Santiago y sus alrededores, pero que actualmente lo hace en todo Chile.<\/p>\n<p>GAQDIM cuenta con una amplia variedad de mesones y <strong>vitrinas refrigeradas<\/strong>, <strong>hornos industriales<\/strong>, salseras y c\u00e1maras refrigeradas, entre otros, con su sello de garant\u00eda caracter\u00edstico y un excelente servicio t\u00e9cnico. Su producci\u00f3n, basada en la venta de productos por l\u00edneas de producci\u00f3n, abarca tres importantes frentes: la maquinaria para almac\u00e9n, para\u00a0carnicer\u00eda y amasander\u00eda, entregando adem\u00e1s asesor\u00eda t\u00e9cnica y apoyo administrativo para las empresas que comienzan. Sin dejar de lado los productos importados, GAQDIM distribuye desde balanzas digitales y cortadoras de fiambre hasta amasadoras y revolvedoras de tipo industrial, adem\u00e1s de contar con piezas de repuesto para diversas maquinarias.<\/p>\n<p>As\u00ed GAQDIM ha sabido desarrollarse en el mercado por m\u00e1s de 20 a\u00f1os, con su calidad y conveniencia, las cuales son su principal carta de presentaci\u00f3n, y que lo han llevado a ser lo que es.<\/p>\n","protected":false},"excerpt":{"rendered":"<p>Es en 1992 que nace GAQDIM, empresa que se dedica a la fabricaci\u00f3n y distribuci\u00f3n de maquinarias para la industria alimenticia, inicialmente en Santiago y sus alrededores, pero que actualmente lo hace en todo Chile. GAQDIM cuenta con una amplia variedad de mesones y vitrinas refrigeradas, hornos industriales, salseras y c\u00e1maras refrigeradas, entre otros, con [&hellip;]<\/p>\n","protected":false},"author":1,"featured_media":0,"parent":0,"menu_order":0,"comment_status":"closed","ping_status":"closed","template":"","meta":[],"yoast_head":"<!-- This site is optimized with the Yoast SEO plugin v18.8 - https:\/\/yoast.com\/wordpress\/plugins\/seo\/ -->\n<title>Quienes Somos - Gaqdim<\/title>\n<meta name=\"robots\" content=\"index, follow, max-snippet:-1, max-image-preview:large, max-video-preview:-1\" \/>\n<link rel=\"canonical\" href=\"https:\/\/www.maquinasrefrigeradas.cl\/index.php\/quienes-somos\/\" \/>\n<meta property=\"og:locale\" content=\"es_ES\" \/>\n<meta property=\"og:type\" content=\"article\" \/>\n<meta property=\"og:title\" content=\"Quienes Somos - Gaqdim\" \/>\n<meta property=\"og:description\" content=\"Es en 1992 que nace GAQDIM, empresa que se dedica a la fabricaci\u00f3n y distribuci\u00f3n de maquinarias para la industria alimenticia, inicialmente en Santiago y sus alrededores, pero que actualmente lo hace en todo Chile. GAQDIM cuenta con una amplia variedad de mesones y vitrinas refrigeradas, hornos industriales, salseras y c\u00e1maras refrigeradas, entre otros, con [&hellip;]\" \/>\n<meta property=\"og:url\" content=\"https:\/\/www.maquinasrefrigeradas.cl\/index.php\/quienes-somos\/\" \/>\n<meta property=\"og:site_name\" content=\"Gaqdim\" \/>\n<meta property=\"article:modified_time\" content=\"2017-01-24T13:02:26+00:00\" \/>\n<meta name=\"twitter:card\" content=\"summary\" \/>\n<meta name=\"twitter:label1\" content=\"Est. reading time\" \/>\n\t<meta name=\"twitter:data1\" content=\"1 minuto\" \/>\n<script type=\"application\/ld+json\" class=\"yoast-schema-graph\">{\"@context\":\"https:\/\/schema.org\",\"@graph\":[{\"@type\":\"WebSite\",\"@id\":\"https:\/\/www.maquinasrefrigeradas.cl\/#website\",\"url\":\"https:\/\/www.maquinasrefrigeradas.cl\/\",\"name\":\"Gaqdim\",\"description\":\"Todo en maquinarias para alimentos\",\"potentialAction\":[{\"@type\":\"SearchAction\",\"target\":{\"@type\":\"EntryPoint\",\"urlTemplate\":\"https:\/\/www.maquinasrefrigeradas.cl\/?s={search_term_string}\"},\"query-input\":\"required name=search_term_string\"}],\"inLanguage\":\"es-CL\"},{\"@type\":\"WebPage\",\"@id\":\"https:\/\/www.maquinasrefrigeradas.cl\/index.php\/quienes-somos\/#webpage\",\"url\":\"https:\/\/www.maquinasrefrigeradas.cl\/index.php\/quienes-somos\/\",\"name\":\"Quienes Somos - Gaqdim\",\"isPartOf\":{\"@id\":\"https:\/\/www.maquinasrefrigeradas.cl\/#website\"},\"datePublished\":\"2016-10-04T01:32:29+00:00\",\"dateModified\":\"2017-01-24T13:02:26+00:00\",\"breadcrumb\":{\"@id\":\"https:\/\/www.maquinasrefrigeradas.cl\/index.php\/quienes-somos\/#breadcrumb\"},\"inLanguage\":\"es-CL\",\"potentialAction\":[{\"@type\":\"ReadAction\",\"target\":[\"https:\/\/www.maquinasrefrigeradas.cl\/index.php\/quienes-somos\/\"]}]},{\"@type\":\"BreadcrumbList\",\"@id\":\"https:\/\/www.maquinasrefrigeradas.cl\/index.php\/quienes-somos\/#breadcrumb\",\"itemListElement\":[{\"@type\":\"ListItem\",\"position\":1,\"name\":\"Portada\",\"item\":\"https:\/\/www.maquinasrefrigeradas.cl\/\"},{\"@type\":\"ListItem\",\"position\":2,\"name\":\"Quienes Somos\"}]}]}<\/script>\n<!-- \/ Yoast SEO plugin. -->","yoast_head_json":{"title":"Quienes Somos - Gaqdim","robots":{"index":"index","follow":"follow","max-snippet":"max-snippet:-1","max-image-preview":"max-image-preview:large","max-video-preview":"max-video-preview:-1"},"canonical":"https:\/\/www.maquinasrefrigeradas.cl\/index.php\/quienes-somos\/","og_locale":"es_ES","og_type":"article","og_title":"Quienes Somos - Gaqdim","og_description":"Es en 1992 que nace GAQDIM, empresa que se dedica a la fabricaci\u00f3n y distribuci\u00f3n de maquinarias para la industria alimenticia, inicialmente en Santiago y sus alrededores, pero que actualmente lo hace en todo Chile. GAQDIM cuenta con una amplia variedad de mesones y vitrinas refrigeradas, hornos industriales, salseras y c\u00e1maras refrigeradas, entre otros, con [&hellip;]","og_url":"https:\/\/www.maquinasrefrigeradas.cl\/index.php\/quienes-somos\/","og_site_name":"Gaqdim","article_modified_time":"2017-01-24T13:02:26+00:00","twitter_card":"summary","twitter_misc":{"Est. reading time":"1 minuto"},"schema":{"@context":"https:\/\/schema.org","@graph":[{"@type":"WebSite","@id":"https:\/\/www.maquinasrefrigeradas.cl\/#website","url":"https:\/\/www.maquinasrefrigeradas.cl\/","name":"Gaqdim","description":"Todo en maquinarias para alimentos","potentialAction":[{"@type":"SearchAction","target":{"@type":"EntryPoint","urlTemplate":"https:\/\/www.maquinasrefrigeradas.cl\/?s={search_term_string}"},"query-input":"required name=search_term_string"}],"inLanguage":"es-CL"},{"@type":"WebPage","@id":"https:\/\/www.maquinasrefrigeradas.cl\/index.php\/quienes-somos\/#webpage","url":"https:\/\/www.maquinasrefrigeradas.cl\/index.php\/quienes-somos\/","name":"Quienes Somos - Gaqdim","isPartOf":{"@id":"https:\/\/www.maquinasrefrigeradas.cl\/#website"},"datePublished":"2016-10-04T01:32:29+00:00","dateModified":"2017-01-24T13:02:26+00:00","breadcrumb":{"@id":"https:\/\/www.maquinasrefrigeradas.cl\/index.php\/quienes-somos\/#breadcrumb"},"inLanguage":"es-CL","potentialAction":[{"@type":"ReadAction","target":["https:\/\/www.maquinasrefrigeradas.cl\/index.php\/quienes-somos\/"]}]},{"@type":"BreadcrumbList","@id":"https:\/\/www.maquinasrefrigeradas.cl\/index.php\/quienes-somos\/#breadcrumb","itemListElement":[{"@type":"ListItem","position":1,"name":"Portada","item":"https:\/\/www.maquinasrefrigeradas.cl\/"},{"@type":"ListItem","position":2,"name":"Quienes Somos"}]}]}},"_links":{"self":[{"href":"https:\/\/www.maquinasrefrigeradas.cl\/index.php\/wp-json\/wp\/v2\/pages\/6"}],"collection":[{"href":"https:\/\/www.maquinasrefrigeradas.cl\/index.php\/wp-json\/wp\/v2\/pages"}],"about":[{"href":"https:\/\/www.maquinasrefrigeradas.cl\/index.php\/wp-json\/wp\/v2\/types\/page"}],"author":[{"embeddable":true,"href":"https:\/\/www.maquinasrefrigeradas.cl\/index.php\/wp-json\/wp\/v2\/users\/1"}],"replies":[{"embeddable":true,"href":"https:\/\/www.maquinasrefrigeradas.cl\/index.php\/wp-json\/wp\/v2\/comments?post=6"}],"version-history":[{"count":5,"href":"https:\/\/www.maquinasrefrigeradas.cl\/index.php\/wp-json\/wp\/v2\/pages\/6\/revisions"}],"predecessor-version":[{"id":279,"href":"https:\/\/www.maquinasrefrigeradas.cl\/index.php\/wp-json\/wp\/v2\/pages\/6\/revisions\/279"}],"wp:attachment":[{"href":"https:\/\/www.maquinasrefrigeradas.cl\/index.php\/wp-json\/wp\/v2\/media?parent=6"}],"curies":[{"name":"wp","href":"https:\/\/api.w.org\/{rel}","templated":true}]}}